{"id":2401,"date":"2022-04-29T02:09:31","date_gmt":"2022-04-29T00:09:31","guid":{"rendered":"https:\/\/steenbusch.dk\/?page_id=2401"},"modified":"2025-02-25T07:16:11","modified_gmt":"2025-02-25T06:16:11","slug":"slaegtshistorier","status":"publish","type":"page","link":"https:\/\/steenbusch.dk\/","title":{"rendered":"Sl\u00e6gtshistorier"},"content":{"rendered":"<style>.kb-row-layout-id2401_f1f9f1-22 > .kt-row-column-wrap{align-content:center;}:where(.kb-row-layout-id2401_f1f9f1-22 > .kt-row-column-wrap) > .wp-block-kadence-column{justify-content:center;}.kb-row-layout-id2401_f1f9f1-22 > .kt-row-column-wrap{column-gap:var(--global-kb-gap-md, 2rem);row-gap:var(--global-kb-gap-md, 2rem);max-width:1140px;margin-left:auto;margin-right:auto;padding-top:80px;padding-bottom:80px;grid-template-columns:minmax(0, calc(45% - ((var(--global-kb-gap-md, 2rem) * 1 )\/2)))minmax(0, calc(55% - ((var(--global-kb-gap-md, 2rem) * 1 )\/2)));}.kb-row-layout-id2401_f1f9f1-22{background-color:#ea5959;}.kb-row-layout-id2401_f1f9f1-22 > .kt-row-layout-overlay{opacity:1;background:linear-gradient(13deg, #fadb5f 55%, #f7c948 55%);}@media all and (max-width: 1024px){.kb-row-layout-id2401_f1f9f1-22 > .kt-row-column-wrap{grid-template-columns:repeat(2, minmax(0, 1fr));}}@media all and (max-width: 767px){.kb-row-layout-id2401_f1f9f1-22 > .kt-row-column-wrap{grid-template-columns:minmax(0, 1fr);}.kb-row-layout-id2401_f1f9f1-22 > .kt-row-column-wrap > .wp-block-kadence-column:nth-child(1 of *:not(style)){order:2;}.kb-row-layout-id2401_f1f9f1-22 > .kt-row-column-wrap > .wp-block-kadence-column:nth-child(2 of *:not(style)){order:1;}.kb-row-layout-id2401_f1f9f1-22 > .kt-row-column-wrap > .wp-block-kadence-column:nth-child(3 of *:not(style)){order:12;}.kb-row-layout-id2401_f1f9f1-22 > .kt-row-column-wrap > .wp-block-kadence-column:nth-child(4 of *:not(style)){order:11;}.kb-row-layout-id2401_f1f9f1-22 > .kt-row-column-wrap > .wp-block-kadence-column:nth-child(5 of *:not(style)){order:22;}.kb-row-layout-id2401_f1f9f1-22 > .kt-row-column-wrap > .wp-block-kadence-column:nth-child(6 of *:not(style)){order:21;}.kb-row-layout-id2401_f1f9f1-22 > .kt-row-column-wrap > .wp-block-kadence-column:nth-child(7 of *:not(style)){order:32;}.kb-row-layout-id2401_f1f9f1-22 > .kt-row-column-wrap > .wp-block-kadence-column:nth-child(8 of *:not(style)){order:31;}}<\/style><div class=\"kb-row-layout-wrap kb-row-layout-id2401_f1f9f1-22 alignfull kt-row-has-bg wp-block-kadence-rowlayout\"><div class=\"kt-row-layout-overlay kt-row-overlay-gradient\"><\/div><div class=\"kt-row-column-wrap kt-has-2-columns kt-row-layout-equal kt-tab-layout-equal kt-mobile-layout-row kt-row-valign-middle\">\n<style>.kadence-column2401_eb6084-ab > .kt-inside-inner-col,.kadence-column2401_eb6084-ab > .kt-inside-inner-col:before{border-top-left-radius:0px;border-top-right-radius:0px;border-bottom-right-radius:0px;border-bottom-left-radius:0px;}.kadence-column2401_eb6084-ab > .kt-inside-inner-col{column-gap:var(--global-kb-gap-sm, 1rem);}.kadence-column2401_eb6084-ab > .kt-inside-inner-col{flex-direction:column;}.kadence-column2401_eb6084-ab > .kt-inside-inner-col > .aligncenter{width:100%;}.kadence-column2401_eb6084-ab > .kt-inside-inner-col:before{opacity:0.3;}.kadence-column2401_eb6084-ab{text-align:left;}.kadence-column2401_eb6084-ab{position:relative;}@media all and (max-width: 1024px){.kadence-column2401_eb6084-ab > .kt-inside-inner-col{flex-direction:column;justify-content:center;}}@media all and (max-width: 767px){.kadence-column2401_eb6084-ab{text-align:center;}.kadence-column2401_eb6084-ab > .kt-inside-inner-col{flex-direction:column;justify-content:center;}}<\/style>\n<div class=\"wp-block-kadence-column kadence-column2401_eb6084-ab inner-column-1\"><div class=\"kt-inside-inner-col\"><style>.wp-block-kadence-advancedheading.kt-adv-heading2401_a5cf11-83, .wp-block-kadence-advancedheading.kt-adv-heading2401_a5cf11-83[data-kb-block=\"kb-adv-heading2401_a5cf11-83\"]{margin-top:0px;margin-bottom:10px;font-size:46px;line-height:70px;font-weight:700;font-style:normal;font-family:Montserrat;color:#243b53;}.wp-block-kadence-advancedheading.kt-adv-heading2401_a5cf11-83 mark.kt-highlight, .wp-block-kadence-advancedheading.kt-adv-heading2401_a5cf11-83[data-kb-block=\"kb-adv-heading2401_a5cf11-83\"] mark.kt-highlight{font-style:normal;color:#f76a0c;-webkit-box-decoration-break:clone;box-decoration-break:clone;padding-top:0px;padding-right:0px;padding-bottom:0px;padding-left:0px;}.wp-block-kadence-advancedheading.kt-adv-heading2401_a5cf11-83 img.kb-inline-image, .wp-block-kadence-advancedheading.kt-adv-heading2401_a5cf11-83[data-kb-block=\"kb-adv-heading2401_a5cf11-83\"] img.kb-inline-image{width:150px;vertical-align:baseline;}@media all and (max-width: 767px){.wp-block-kadence-advancedheading.kt-adv-heading2401_a5cf11-83, .wp-block-kadence-advancedheading.kt-adv-heading2401_a5cf11-83[data-kb-block=\"kb-adv-heading2401_a5cf11-83\"]{font-size:50px;line-height:60px;}}<\/style>\n<h2 class=\"kt-adv-heading2401_a5cf11-83 wp-block-kadence-advancedheading\" data-kb-block=\"kb-adv-heading2401_a5cf11-83\">SL\u00c6GTSHISTORIER<\/h2>\n\n\n<style>.wp-block-kadence-advancedheading.kt-adv-heading2401_86b8f7-bf, .wp-block-kadence-advancedheading.kt-adv-heading2401_86b8f7-bf[data-kb-block=\"kb-adv-heading2401_86b8f7-bf\"]{margin-top:15px;margin-bottom:20px;font-weight:400;font-style:normal;font-family:Montserrat;letter-spacing:-0.2px;color:#243b53;}.wp-block-kadence-advancedheading.kt-adv-heading2401_86b8f7-bf mark.kt-highlight, .wp-block-kadence-advancedheading.kt-adv-heading2401_86b8f7-bf[data-kb-block=\"kb-adv-heading2401_86b8f7-bf\"] mark.kt-highlight{font-style:normal;color:#f76a0c;-webkit-box-decoration-break:clone;box-decoration-break:clone;padding-top:0px;padding-right:0px;padding-bottom:0px;padding-left:0px;}.wp-block-kadence-advancedheading.kt-adv-heading2401_86b8f7-bf img.kb-inline-image, .wp-block-kadence-advancedheading.kt-adv-heading2401_86b8f7-bf[data-kb-block=\"kb-adv-heading2401_86b8f7-bf\"] img.kb-inline-image{width:150px;vertical-align:baseline;}<\/style>\n<h4 class=\"kt-adv-heading2401_86b8f7-bf wp-block-kadence-advancedheading\" data-kb-block=\"kb-adv-heading2401_86b8f7-bf\"><strong>ELLER HVAD SL\u00c6GTSFORSKNING KAN F\u00d8RE&nbsp;TIL&nbsp;\u2026<\/strong><\/h4>\n\n\n\n<p style=\"font-size:20px\">Bogen inde\u00adhol\u00adder en sp\u00e6n\u00adden\u00adde sam\u00adling af per\u00adsonskil\u00addrin\u00adger og rela\u00adte\u00adre\u00adde sm\u00e5\u00adhi\u00adsto\u00adri\u00ader, der i en oplagt, leven\u00adde og humo\u00adri\u00adstisk stil for\u00adt\u00e6l\u00adler om nog\u00adle af for\u00adfat\u00adte\u00adrens aner, hvis histo\u00adri\u00ader er ble\u00advet afd\u00e6k\u00adket p\u00e5 bag\u00adgrund af en god og detal\u00adje\u00adret hukom\u00admel\u00adse, men is\u00e6r helt uden for\u00adud\u00adg\u00e5\u00aden\u00adde viden om personen.<\/p>\n\n\n\n<p style=\"font-size:20px\">Der er under\u00advejs duk\u00adket per\u00adso\u00adner op, som aldrig har v\u00e6ret omtalt i fami\u00adli\u00aden, som fx \u201dBal\u00adla\u00adde-Niels\u201d, Svend Sejr, Lau\u00adra og Elisa\u00adbeth. Andre per\u00adso\u00adner har v\u00e6ret kendt, men har vist sig at have s\u00e6r\u00adde\u00adles sp\u00e6n\u00adden\u00adde bag\u00adgrund, fx \u201dBes\u2019far Ree\u00adsen\u201d og \u201dFru&nbsp;Halse\u201d.<\/p>\n\n\n\n<p style=\"font-size:20px\">Histo\u00adri\u00ader\u00adne er ble\u00advet til efter flit\u00adtig sl\u00e6gts\u00adforsk\u00adning siden 2012 og ved at anven\u00adde til\u00adg\u00e6n\u00adge\u00adli\u00adge online-v\u00e6rkt\u00f8jer.<\/p>\n\n\n\n<p style=\"font-size:20px\">Histo\u00adri\u00ader\u00adne er sup\u00adple\u00adret med man\u00adge fotos, pri\u00adm\u00e6rt fra for\u00adfat\u00adte\u00adrens egen samling.<\/p>\n\n\n<style>.wp-block-kadence-advancedbtn.kb-btns2401_bc65b9-15{gap:15px;justify-content:flex-start;align-items:center;}.kt-btns2401_bc65b9-15 .kt-button{font-weight:normal;font-style:normal;}@media all and (max-width: 767px){.wp-block-kadence-advancedbtn.kb-btns2401_bc65b9-15{justify-content:center;}}<\/style>\n<div class=\"wp-block-kadence-advancedbtn kb-buttons-wrap kb-btns2401_bc65b9-15\"><style>ul.menu .wp-block-kadence-advancedbtn .kb-btn2401_addd08-fe.kb-button{width:initial;}.wp-block-kadence-advancedbtn .kb-btn2401_addd08-fe.kb-button{color:#ffffff;background:#243b53;font-size:39px;font-family:Montserrat;font-weight:600;border-top-color:#243b53;border-top-style:solid;border-right-color:#243b53;border-right-style:solid;border-bottom-color:#243b53;border-bottom-style:solid;border-left-color:#243b53;border-left-style:solid;}.wp-block-kadence-advancedbtn .kb-btn2401_addd08-fe.kb-button:hover, .wp-block-kadence-advancedbtn .kb-btn2401_addd08-fe.kb-button:focus{color:#ffffff;background:#334e68;border-top-color:#334e68;border-top-style:solid;border-right-color:#334e68;border-right-style:solid;border-bottom-color:#334e68;border-bottom-style:solid;border-left-color:#334e68;border-left-style:solid;}@media all and (max-width: 1024px){.wp-block-kadence-advancedbtn .kb-btn2401_addd08-fe.kb-button{border-top-color:#243b53;border-top-style:solid;border-right-color:#243b53;border-right-style:solid;border-bottom-color:#243b53;border-bottom-style:solid;border-left-color:#243b53;border-left-style:solid;}}@media all and (max-width: 1024px){.wp-block-kadence-advancedbtn .kb-btn2401_addd08-fe.kb-button:hover, .wp-block-kadence-advancedbtn .kb-btn2401_addd08-fe.kb-button:focus{border-top-color:#334e68;border-top-style:solid;border-right-color:#334e68;border-right-style:solid;border-bottom-color:#334e68;border-bottom-style:solid;border-left-color:#334e68;border-left-style:solid;}}@media all and (max-width: 767px){.wp-block-kadence-advancedbtn .kb-btn2401_addd08-fe.kb-button{border-top-color:#243b53;border-top-style:solid;border-right-color:#243b53;border-right-style:solid;border-bottom-color:#243b53;border-bottom-style:solid;border-left-color:#243b53;border-left-style:solid;}.wp-block-kadence-advancedbtn .kb-btn2401_addd08-fe.kb-button:hover, .wp-block-kadence-advancedbtn .kb-btn2401_addd08-fe.kb-button:focus{border-top-color:#334e68;border-top-style:solid;border-right-color:#334e68;border-right-style:solid;border-bottom-color:#334e68;border-bottom-style:solid;border-left-color:#334e68;border-left-style:solid;}}<\/style><a class=\"kb-button kt-button button kb-btn2401_addd08-fe kt-btn-size-standard kt-btn-width-type-auto kb-btn-global-outline  kt-btn-has-text-true kt-btn-has-svg-true  wp-block-kadence-singlebtn\" href=\"\/bog\" target=\"_blank\" rel=\"noreferrer noopener\"><span class=\"kt-btn-inner-text\">K\u00d8B BOGEN&nbsp;NU<\/span><span class=\"kb-svg-icon-wrap kb-svg-icon-fas_external-link-square-alt kt-btn-icon-side-right\"><svg viewBox=\"0 0 448 512\" fill=\"currentColor\" aria-hidden=\"true\"><path d=\"M448 80v352c0 26.51-21.49 48-48 48H48c-26.51 0-48-21.49-48-48V80c0-26.51 21.49-48 48-48h352c26.51 0 48 21.49 48 48zm-88 16H248.029c-21.313 0-32.08 25.861-16.971 40.971l31.984 31.987L67.515 364.485c-4.686 4.686-4.686 12.284 0 16.971l31.029 31.029c4.687 4.686 12.285 4.686 16.971 0l195.526-195.526 31.988 31.991C358.058 263.977 384 253.425 384 231.979V120c0-13.255-10.745-24-24-24z\" \/><\/svg><\/span><\/a><\/div>\n<\/div><\/div>\n\n\n<style>.kadence-column2401_e2c822-6b > .kt-inside-inner-col,.kadence-column2401_e2c822-6b > .kt-inside-inner-col:before{border-top-left-radius:0px;border-top-right-radius:0px;border-bottom-right-radius:0px;border-bottom-left-radius:0px;}.kadence-column2401_e2c822-6b > .kt-inside-inner-col{column-gap:var(--global-kb-gap-sm, 1rem);}.kadence-column2401_e2c822-6b > .kt-inside-inner-col{flex-direction:column;}.kadence-column2401_e2c822-6b > .kt-inside-inner-col > .aligncenter{width:100%;}.kadence-column2401_e2c822-6b > .kt-inside-inner-col:before{opacity:0.3;}.kadence-column2401_e2c822-6b{position:relative;}@media all and (max-width: 1024px){.kadence-column2401_e2c822-6b > .kt-inside-inner-col{flex-direction:column;justify-content:center;}}@media all and (max-width: 767px){.kadence-column2401_e2c822-6b > .kt-inside-inner-col{flex-direction:column;justify-content:center;}}<\/style>\n<div class=\"wp-block-kadence-column kadence-column2401_e2c822-6b inner-column-2\"><div class=\"kt-inside-inner-col\">\n<figure class=\"wp-block-image size-large\"><img loading=\"lazy\" decoding=\"async\" width=\"690\" height=\"1024\" src=\"https:\/\/steenbusch.dk\/wp-content\/uploads\/2021\/11\/Slaegtshistorier_web-690x1024.jpg\" alt class=\"wp-image-2282\" srcset=\"https:\/\/steenbusch.dk\/wp-content\/uploads\/2021\/11\/Slaegtshistorier_web-690x1024.jpg 690w, https:\/\/steenbusch.dk\/wp-content\/uploads\/2021\/11\/Slaegtshistorier_web-202x300.jpg 202w, https:\/\/steenbusch.dk\/wp-content\/uploads\/2021\/11\/Slaegtshistorier_web-768x1140.jpg 768w, https:\/\/steenbusch.dk\/wp-content\/uploads\/2021\/11\/Slaegtshistorier_web-1035x1536.jpg 1035w, https:\/\/steenbusch.dk\/wp-content\/uploads\/2021\/11\/Slaegtshistorier_web-1380x2048.jpg 1380w, https:\/\/steenbusch.dk\/wp-content\/uploads\/2021\/11\/Slaegtshistorier_web.jpg 1400w\" sizes=\"auto, (max-width: 690px) 100vw, 690px\"><\/figure>\n<\/div><\/div>\n\n<\/div><\/div>\n\n<style>.kb-row-layout-id2401_c2d154-09 > .kt-row-column-wrap{align-content:center;}:where(.kb-row-layout-id2401_c2d154-09 > .kt-row-column-wrap) > .wp-block-kadence-column{justify-content:center;}.kb-row-layout-id2401_c2d154-09 > .kt-row-column-wrap{column-gap:var(--global-kb-gap-md, 2rem);row-gap:var(--global-kb-gap-md, 2rem);max-width:1140px;margin-left:auto;margin-right:auto;padding-top:80px;padding-bottom:80px;grid-template-columns:minmax(0, calc(45% - ((var(--global-kb-gap-md, 2rem) * 1 )\/2)))minmax(0, calc(55% - ((var(--global-kb-gap-md, 2rem) * 1 )\/2)));}.kb-row-layout-id2401_c2d154-09 > .kt-row-layout-overlay{opacity:1;background:linear-gradient(163deg, #9fa8f0 45%, #7f9cfd 45%);}@media all and (max-width: 1024px){.kb-row-layout-id2401_c2d154-09 > .kt-row-column-wrap{grid-template-columns:repeat(2, minmax(0, 1fr));}}@media all and (max-width: 767px){.kb-row-layout-id2401_c2d154-09 > .kt-row-column-wrap{grid-template-columns:minmax(0, 1fr);}.kb-row-layout-id2401_c2d154-09 > .kt-row-column-wrap > .wp-block-kadence-column:nth-child(1 of *:not(style)){order:2;}.kb-row-layout-id2401_c2d154-09 > .kt-row-column-wrap > .wp-block-kadence-column:nth-child(2 of *:not(style)){order:1;}.kb-row-layout-id2401_c2d154-09 > .kt-row-column-wrap > .wp-block-kadence-column:nth-child(3 of *:not(style)){order:12;}.kb-row-layout-id2401_c2d154-09 > .kt-row-column-wrap > .wp-block-kadence-column:nth-child(4 of *:not(style)){order:11;}.kb-row-layout-id2401_c2d154-09 > .kt-row-column-wrap > .wp-block-kadence-column:nth-child(5 of *:not(style)){order:22;}.kb-row-layout-id2401_c2d154-09 > .kt-row-column-wrap > .wp-block-kadence-column:nth-child(6 of *:not(style)){order:21;}.kb-row-layout-id2401_c2d154-09 > .kt-row-column-wrap > .wp-block-kadence-column:nth-child(7 of *:not(style)){order:32;}.kb-row-layout-id2401_c2d154-09 > .kt-row-column-wrap > .wp-block-kadence-column:nth-child(8 of *:not(style)){order:31;}}<\/style><div class=\"kb-row-layout-wrap kb-row-layout-id2401_c2d154-09 alignfull kt-row-has-bg wp-block-kadence-rowlayout\"><div class=\"kt-row-layout-overlay kt-row-overlay-gradient\"><\/div><div class=\"kt-row-column-wrap kt-has-2-columns kt-row-layout-equal kt-tab-layout-equal kt-mobile-layout-row kt-row-valign-middle\">\n<style>.kadence-column2401_8cf102-f5 > .kt-inside-inner-col,.kadence-column2401_8cf102-f5 > .kt-inside-inner-col:before{border-top-left-radius:0px;border-top-right-radius:0px;border-bottom-right-radius:0px;border-bottom-left-radius:0px;}.kadence-column2401_8cf102-f5 > .kt-inside-inner-col{column-gap:var(--global-kb-gap-sm, 1rem);}.kadence-column2401_8cf102-f5 > .kt-inside-inner-col{flex-direction:column;}.kadence-column2401_8cf102-f5 > .kt-inside-inner-col > .aligncenter{width:100%;}.kadence-column2401_8cf102-f5 > .kt-inside-inner-col:before{opacity:0.3;}.kadence-column2401_8cf102-f5{text-align:left;}.kadence-column2401_8cf102-f5{position:relative;}@media all and (max-width: 1024px){.kadence-column2401_8cf102-f5 > .kt-inside-inner-col{flex-direction:column;justify-content:center;}}@media all and (max-width: 767px){.kadence-column2401_8cf102-f5{text-align:center;}.kadence-column2401_8cf102-f5 > .kt-inside-inner-col{flex-direction:column;justify-content:center;}}<\/style>\n<div class=\"wp-block-kadence-column kadence-column2401_8cf102-f5 inner-column-1\"><div class=\"kt-inside-inner-col\">\n<figure class=\"wp-block-image size-large\"><img loading=\"lazy\" decoding=\"async\" width=\"813\" height=\"1024\" src=\"https:\/\/steenbusch.dk\/wp-content\/uploads\/2021\/11\/Steen_3_HighressSFFcrop-813x1024.jpg\" alt class=\"wp-image-2305\" srcset=\"https:\/\/steenbusch.dk\/wp-content\/uploads\/2021\/11\/Steen_3_HighressSFFcrop-813x1024.jpg 813w, https:\/\/steenbusch.dk\/wp-content\/uploads\/2021\/11\/Steen_3_HighressSFFcrop-238x300.jpg 238w, https:\/\/steenbusch.dk\/wp-content\/uploads\/2021\/11\/Steen_3_HighressSFFcrop-768x968.jpg 768w, https:\/\/steenbusch.dk\/wp-content\/uploads\/2021\/11\/Steen_3_HighressSFFcrop-1219x1536.jpg 1219w, https:\/\/steenbusch.dk\/wp-content\/uploads\/2021\/11\/Steen_3_HighressSFFcrop-1625x2048.jpg 1625w, https:\/\/steenbusch.dk\/wp-content\/uploads\/2021\/11\/Steen_3_HighressSFFcrop-scaled.jpg 2032w\" sizes=\"auto, (max-width: 813px) 100vw, 813px\"><\/figure>\n<\/div><\/div>\n\n\n<style>.kadence-column2401_4e5062-d5 > .kt-inside-inner-col,.kadence-column2401_4e5062-d5 > .kt-inside-inner-col:before{border-top-left-radius:0px;border-top-right-radius:0px;border-bottom-right-radius:0px;border-bottom-left-radius:0px;}.kadence-column2401_4e5062-d5 > .kt-inside-inner-col{column-gap:var(--global-kb-gap-sm, 1rem);}.kadence-column2401_4e5062-d5 > .kt-inside-inner-col{flex-direction:column;}.kadence-column2401_4e5062-d5 > .kt-inside-inner-col > .aligncenter{width:100%;}.kadence-column2401_4e5062-d5 > .kt-inside-inner-col:before{opacity:0.3;}.kadence-column2401_4e5062-d5{position:relative;}@media all and (max-width: 1024px){.kadence-column2401_4e5062-d5 > .kt-inside-inner-col{flex-direction:column;justify-content:center;}}@media all and (max-width: 767px){.kadence-column2401_4e5062-d5 > .kt-inside-inner-col{flex-direction:column;justify-content:center;}}<\/style>\n<div class=\"wp-block-kadence-column kadence-column2401_4e5062-d5 inner-column-2\"><div class=\"kt-inside-inner-col\"><style>.wp-block-kadence-advancedheading.kt-adv-heading2401_8e7ffd-f4, .wp-block-kadence-advancedheading.kt-adv-heading2401_8e7ffd-f4[data-kb-block=\"kb-adv-heading2401_8e7ffd-f4\"]{margin-top:0px;margin-bottom:10px;font-size:48px;line-height:70px;font-weight:700;font-style:normal;font-family:Montserrat;color:#243b53;}.wp-block-kadence-advancedheading.kt-adv-heading2401_8e7ffd-f4 mark.kt-highlight, .wp-block-kadence-advancedheading.kt-adv-heading2401_8e7ffd-f4[data-kb-block=\"kb-adv-heading2401_8e7ffd-f4\"] mark.kt-highlight{font-style:normal;color:#f76a0c;-webkit-box-decoration-break:clone;box-decoration-break:clone;padding-top:0px;padding-right:0px;padding-bottom:0px;padding-left:0px;}.wp-block-kadence-advancedheading.kt-adv-heading2401_8e7ffd-f4 img.kb-inline-image, .wp-block-kadence-advancedheading.kt-adv-heading2401_8e7ffd-f4[data-kb-block=\"kb-adv-heading2401_8e7ffd-f4\"] img.kb-inline-image{width:150px;vertical-align:baseline;}@media all and (max-width: 767px){.wp-block-kadence-advancedheading.kt-adv-heading2401_8e7ffd-f4, .wp-block-kadence-advancedheading.kt-adv-heading2401_8e7ffd-f4[data-kb-block=\"kb-adv-heading2401_8e7ffd-f4\"]{font-size:50px;line-height:60px;}}<\/style>\n<h2 class=\"kt-adv-heading2401_8e7ffd-f4 wp-block-kadence-advancedheading\" data-kb-block=\"kb-adv-heading2401_8e7ffd-f4\">Om forfatteren<\/h2>\n\n\n\n<p style=\"font-size:20px\"><strong>Ste\u00aden Busch<\/strong> er f\u00f8dt i 1956 og er debu\u00adte\u00adren\u00adde for\u00adfat\u00adter. Han vok\u00adse\u00adde op i Her\u00adlev og har siden boet p\u00e5 Amager.&nbsp;<\/p>\n\n\n\n<p style=\"font-size:20px\">Ste\u00aden har skre\u00advet hele livet, bl.a. om rej\u00adser og biler. Ste\u00aden har i hele sit arbejds\u00adliv arbej\u00addet med IT-drift.<\/p>\n\n\n\n<p style=\"font-size:20px\">Der\u00adu\u00add\u00adover dyr\u00adker Ste\u00aden sin pas\u00adsion for biler\u00adne og er aktiv SoMe-bruger.<\/p>\n\n\n\n<p><\/p>\n<\/div><\/div>\n\n<\/div><\/div>","protected":false},"excerpt":{"rendered":"<p>SL\u00c6GTSHISTORIER ELLER HVAD SL\u00c6GTSFORSKNING KAN F\u00d8RE&nbsp;TIL&nbsp;\u2026 Bogen inde\u00adhol\u00adder en sp\u00e6n\u00adden\u00adde sam\u00adling af per\u00adsonskil\u00addrin\u00adger og rela\u00adte\u00adre\u00adde sm\u00e5\u00adhi\u00adsto\u00adri\u00ader, der i en oplagt, leven\u00adde og humo\u00adri\u00adstisk stil for\u00adt\u00e6l\u00adler om nog\u00adle af for\u00adfat\u00adte\u00adrens aner, hvis histo\u00adri\u00ader er ble\u00advet afd\u00e6k\u00adket p\u00e5 bag\u00adgrund af en god og detal\u00adje\u00adret hukom\u00admel\u00adse, men is\u00e6r helt uden for\u00adud\u00adg\u00e5\u00aden\u00adde viden om per\u00adso\u00adnen. Der er under\u00advejs dukket\u2026<\/p>\n","protected":false},"author":1,"featured_media":0,"parent":0,"menu_order":0,"comment_status":"closed","ping_status":"closed","template":"","meta":{"_uag_custom_page_level_css":"","wp_typography_post_enhancements_disabled":false,"_kad_post_transparent":"","_kad_post_title":"","_kad_post_layout":"","_kad_post_sidebar_id":"","_kad_post_content_style":"","_kad_post_vertical_padding":"","_kad_post_feature":"","_kad_post_feature_position":"","_kad_post_header":false,"_kad_post_footer":false,"_kad_post_classname":"","footnotes":""},"class_list":["post-2401","page","type-page","status-publish","hentry"],"uagb_featured_image_src":{"full":false,"thumbnail":false,"medium":false,"medium_large":false,"large":false,"1536x1536":false,"2048x2048":false},"uagb_author_info":{"display_name":"JesperAdm","author_link":"https:\/\/steenbusch.dk\/index.php\/author\/jesperadm\/"},"uagb_comment_info":0,"uagb_excerpt":"SL\u00c6GTSHISTORIER ELLER HVAD SL\u00c6GTSFORSKNING KAN F\u00d8RE&nbsp;TIL&nbsp;\u2026 Bogen inde\u00adhol\u00adder en sp\u00e6n\u00adden\u00adde sam\u00adling af per\u00adsonskil\u00addrin\u00adger og rela\u00adte\u00adre\u00adde sm\u00e5\u00adhi\u00adsto\u00adri\u00ader, der i en oplagt, leven\u00adde og humo\u00adri\u00adstisk stil for\u00adt\u00e6l\u00adler om nog\u00adle af for\u00adfat\u00adte\u00adrens aner, hvis histo\u00adri\u00ader er ble\u00advet afd\u00e6k\u00adket p\u00e5 bag\u00adgrund af en god og detal\u00adje\u00adret hukom\u00admel\u00adse, men is\u00e6r helt uden for\u00adud\u00adg\u00e5\u00aden\u00adde viden om personen. Der er under\u00advejs duk\u00adket...","_links":{"self":[{"href":"https:\/\/steenbusch.dk\/index.php\/wp-json\/wp\/v2\/pages\/2401","targetHints":{"allow":["GET"]}}],"collection":[{"href":"https:\/\/steenbusch.dk\/index.php\/wp-json\/wp\/v2\/pages"}],"about":[{"href":"https:\/\/steenbusch.dk\/index.php\/wp-json\/wp\/v2\/types\/page"}],"author":[{"embeddable":true,"href":"https:\/\/steenbusch.dk\/index.php\/wp-json\/wp\/v2\/users\/1"}],"replies":[{"embeddable":true,"href":"https:\/\/steenbusch.dk\/index.php\/wp-json\/wp\/v2\/comments?post=2401"}],"version-history":[{"count":2,"href":"https:\/\/steenbusch.dk\/index.php\/wp-json\/wp\/v2\/pages\/2401\/revisions"}],"predecessor-version":[{"id":2465,"href":"https:\/\/steenbusch.dk\/index.php\/wp-json\/wp\/v2\/pages\/2401\/revisions\/2465"}],"wp:attachment":[{"href":"https:\/\/steenbusch.dk\/index.php\/wp-json\/wp\/v2\/media?parent=2401"}],"curies":[{"name":"wp","href":"https:\/\/api.w.org\/{rel}","templated":true}]}}